{"id":364,"date":"2015-09-02T14:10:49","date_gmt":"2015-09-02T12:10:49","guid":{"rendered":"http:\/\/tscherpel.com\/?page_id=364"},"modified":"2025-04-15T16:38:39","modified_gmt":"2025-04-15T14:38:39","slug":"kontakt","status":"publish","type":"page","link":"https:\/\/www.tscherpel.com\/?page_id=364","title":{"rendered":"Kontakt"},"content":{"rendered":"<p>Tscherpel Haustechnik GmbH<br \/>\n&#8212;&#8212;&#8212;&#8212;&#8212;&#8212;&#8212;&#8212;&#8212;&#8212;&#8212;&#8212;&#8212;&#8211;<br \/>\nGesch\u00e4ftsf\u00fchrer: Frank Tscherpel<br \/>\nSpiegelstra\u00dfe 28<br \/>\n38820 Halberstadt<\/p>\n<p><strong>Kontakt:<\/strong><br \/>\nTel.: 03941\/612495<br \/>\nFunk: 01707521074<br \/>\nFax: 03941568624<br \/>\nMail: tscherpel123@googlemail.com<br \/>\nFacebook: <a href=\"https:\/\/www.facebook.com\/pages\/Tscherpel-Haustechnik-GmbH\/325562484250639?ref=hl\" target=\"_blank\" rel=\"noopener\">Unsere Facebook-Seite<\/a><\/p>\n","protected":false},"excerpt":{"rendered":"<p>Tscherpel Haustechnik GmbH &#8212;&#8212;&#8212;&#8212;&#8212;&#8212;&#8212;&#8212;&#8212;&#8212;&#8212;&#8212;&#8212;&#8211; Gesch\u00e4ftsf\u00fchrer: Frank Tscherpel Spiegelstra\u00dfe 28 38820 Halberstadt Kontakt: Tel.: 03941\/612495 Funk: 01707521074 Fax: 03941568624 Mail: tscherpel123@googlemail.com Facebook: Unsere Facebook-Seite<\/p>\n","protected":false},"author":1,"featured_media":0,"parent":0,"menu_order":3,"comment_status":"closed","ping_status":"closed","template":"","meta":[],"_links":{"self":[{"href":"https:\/\/www.tscherpel.com\/index.php?rest_route=\/wp\/v2\/pages\/364"}],"collection":[{"href":"https:\/\/www.tscherpel.com\/index.php?rest_route=\/wp\/v2\/pages"}],"about":[{"href":"https:\/\/www.tscherpel.com\/index.php?rest_route=\/wp\/v2\/types\/page"}],"author":[{"embeddable":true,"href":"https:\/\/www.tscherpel.com\/index.php?rest_route=\/wp\/v2\/users\/1"}],"replies":[{"embeddable":true,"href":"https:\/\/www.tscherpel.com\/index.php?rest_route=%2Fwp%2Fv2%2Fcomments&post=364"}],"version-history":[{"count":7,"href":"https:\/\/www.tscherpel.com\/index.php?rest_route=\/wp\/v2\/pages\/364\/revisions"}],"predecessor-version":[{"id":1420,"href":"https:\/\/www.tscherpel.com\/index.php?rest_route=\/wp\/v2\/pages\/364\/revisions\/1420"}],"wp:attachment":[{"href":"https:\/\/www.tscherpel.com\/index.php?rest_route=%2Fwp%2Fv2%2Fmedia&parent=364"}],"curies":[{"name":"wp","href":"https:\/\/api.w.org\/{rel}","templated":true}]}}